{"id":3046,"date":"2025-02-06T18:39:08","date_gmt":"2025-02-06T18:39:08","guid":{"rendered":"https:\/?page_id=3046"},"modified":"2025-02-06T20:34:04","modified_gmt":"2025-02-06T20:34:04","slug":"viewing-room","status":"publish","type":"page","link":"https:\/\/artview.fr\/en\/viewing-room\/","title":{"rendered":"Viewing room"},"content":{"rendered":"<div data-elementor-type=\"wp-page\" data-elementor-id=\"3046\" class=\"elementor elementor-3046\" data-elementor-post-type=\"page\">\n\t\t\t\t\t\t<section data-dce-background-color=\"#FFFFFF\" data-dce-background-overlay-color=\"#000000\" data-dce-background-image-url=\"http:\/\/artview.fr\/wp-content\/uploads\/2025\/02\/fondflakviewing.jpg\" class=\"elementor-section elementor-top-section elementor-element elementor-element-1e2b7b0 elementor-section-height-full elementor-section-content-middle elementor-hidden-tablet elementor-hidden-mobile elementor-section-boxed elementor-section-height-default elementor-section-items-middle\" data-id=\"1e2b7b0\" data-element_type=\"section\" data-e-type=\"section\" data-settings=\"{&quot;background_background&quot;:&quot;classic&quot;}\">\n\t\t\t\t\t\t\t<div class=\"elementor-background-overlay\"><\/div>\n\t\t\t\t\t\t\t<div class=\"elementor-container elementor-column-gap-default\">\n\t\t\t\t\t<div class=\"elementor-column elementor-col-100 elementor-top-column elementor-element elementor-element-b907715\" data-id=\"b907715\" data-element_type=\"column\" data-e-type=\"column\">\n\t\t\t<div class=\"elementor-widget-wrap elementor-element-populated\">\n\t\t\t\t\t\t<div class=\"elementor-element elementor-element-469735c elementor-widget elementor-widget-text-editor\" data-id=\"469735c\" data-element_type=\"widget\" data-e-type=\"widget\" data-widget_type=\"text-editor.default\">\n\t\t\t\t<div class=\"elementor-widget-container\">\n\t\t\t\t\t\t\t\t\t<p>Viewing room<\/p>\t\t\t\t\t\t\t\t<\/div>\n\t\t\t\t<\/div>\n\t\t\t\t<div class=\"elementor-element elementor-element-174b99d elementor-absolute elementor-view-default elementor-widget elementor-widget-icon\" data-id=\"174b99d\" data-element_type=\"widget\" data-e-type=\"widget\" data-settings=\"{&quot;_position&quot;:&quot;absolute&quot;}\" data-widget_type=\"icon.default\">\n\t\t\t\t<div class=\"elementor-widget-container\">\n\t\t\t\t\t\t\t<div class=\"elementor-icon-wrapper\">\n\t\t\t<a class=\"elementor-icon elementor-animation-grow\" href=\"#viewing\">\n\t\t\t<i aria-hidden=\"true\" class=\"iconartview iconartview-down-open-big\"><\/i>\t\t\t<\/a>\n\t\t<\/div>\n\t\t\t\t\t\t<\/div>\n\t\t\t\t<\/div>\n\t\t\t\t\t<\/div>\n\t\t<\/div>\n\t\t\t\t\t<\/div>\n\t\t<\/section>\n\t\t\t\t<section data-dce-background-color=\"#FFFFFF\" class=\"elementor-section elementor-top-section elementor-element elementor-element-44204fb elementor-reverse-mobile elementor-section-boxed elementor-section-height-default elementor-section-height-default\" data-id=\"44204fb\" data-element_type=\"section\" data-e-type=\"section\" data-settings=\"{&quot;background_background&quot;:&quot;classic&quot;,&quot;animation_mobile&quot;:&quot;fadeInUp&quot;}\">\n\t\t\t\t\t\t<div class=\"elementor-container elementor-column-gap-default\">\n\t\t\t\t\t<div class=\"elementor-column elementor-col-50 elementor-top-column elementor-element elementor-element-01117ab animated-slow elementor-invisible\" data-id=\"01117ab\" data-element_type=\"column\" data-e-type=\"column\" data-settings=\"{&quot;animation&quot;:&quot;fadeInRight&quot;,&quot;animation_mobile&quot;:&quot;none&quot;}\">\n\t\t\t<div class=\"elementor-widget-wrap elementor-element-populated\">\n\t\t\t\t\t\t<div class=\"elementor-element elementor-element-2cab34d elementor-widget elementor-widget-menu-anchor\" data-id=\"2cab34d\" data-element_type=\"widget\" data-e-type=\"widget\" data-widget_type=\"menu-anchor.default\">\n\t\t\t\t<div class=\"elementor-widget-container\">\n\t\t\t\t\t\t\t<div class=\"elementor-menu-anchor\" id=\"viewing\"><\/div>\n\t\t\t\t\t\t<\/div>\n\t\t\t\t<\/div>\n\t\t\t\t<div class=\"elementor-element elementor-element-e8b7a12 elementor-widget elementor-widget-image-carousel\" data-id=\"e8b7a12\" data-element_type=\"widget\" data-e-type=\"widget\" data-settings=\"{&quot;slides_to_show&quot;:&quot;1&quot;,&quot;navigation&quot;:&quot;none&quot;,&quot;autoplay_speed&quot;:2000,&quot;effect&quot;:&quot;fade&quot;,&quot;speed&quot;:1000,&quot;autoplay&quot;:&quot;yes&quot;,&quot;infinite&quot;:&quot;yes&quot;}\" data-widget_type=\"image-carousel.default\">\n\t\t\t\t<div class=\"elementor-widget-container\">\n\t\t\t\t\t\t\t<div class=\"elementor-image-carousel-wrapper swiper\" role=\"region\" aria-roledescription=\"carousel\" aria-label=\"Image Carousel\" dir=\"ltr\">\n\t\t\t<div class=\"elementor-image-carousel swiper-wrapper\" aria-live=\"off\">\n\t\t\t\t\t\t\t\t<div class=\"swiper-slide\" role=\"group\" aria-roledescription=\"slide\" aria-label=\"1 sur 2\"><figure class=\"swiper-slide-inner\"><img decoding=\"async\" class=\"swiper-slide-image\" src=\"https:\/\/artview.fr\/wp-content\/uploads\/2025\/02\/mockup4b.jpg\" alt=\"mockup4b\" \/><\/figure><\/div><div class=\"swiper-slide\" role=\"group\" aria-roledescription=\"slide\" aria-label=\"2 sur 2\"><figure class=\"swiper-slide-inner\"><img decoding=\"async\" class=\"swiper-slide-image\" src=\"https:\/\/artview.fr\/wp-content\/uploads\/2025\/02\/mockup4b2.jpg\" alt=\"mockup4b2\" \/><\/figure><\/div>\t\t\t<\/div>\n\t\t\t\t\t\t\t\n\t\t\t\t\t\t\t\t\t<\/div>\n\t\t\t\t\t\t<\/div>\n\t\t\t\t<\/div>\n\t\t\t\t\t<\/div>\n\t\t<\/div>\n\t\t\t\t<div class=\"elementor-column elementor-col-50 elementor-top-column elementor-element elementor-element-e760a2f animated-slow elementor-invisible\" data-id=\"e760a2f\" data-element_type=\"column\" data-e-type=\"column\" data-settings=\"{&quot;animation&quot;:&quot;fadeInUp&quot;,&quot;animation_mobile&quot;:&quot;none&quot;}\">\n\t\t\t<div class=\"elementor-widget-wrap elementor-element-populated\">\n\t\t\t\t\t\t<div class=\"elementor-element elementor-element-4d85123 elementor-widget elementor-widget-text-editor\" data-id=\"4d85123\" data-element_type=\"widget\" data-e-type=\"widget\" data-widget_type=\"text-editor.default\">\n\t\t\t\t<div class=\"elementor-widget-container\">\n\t\t\t\t\t\t\t\t\t<p class=\"translation-block\">An immersive experience<\/p>\t\t\t\t\t\t\t\t<\/div>\n\t\t\t\t<\/div>\n\t\t\t\t<div class=\"elementor-element elementor-element-ac2f2c0 elementor-widget elementor-widget-text-editor\" data-id=\"ac2f2c0\" data-element_type=\"widget\" data-e-type=\"widget\" data-widget_type=\"text-editor.default\">\n\t\t\t\t<div class=\"elementor-widget-container\">\n\t\t\t\t\t\t\t\t\t<p>Your works staged.<\/p>\t\t\t\t\t\t\t\t<\/div>\n\t\t\t\t<\/div>\n\t\t\t\t\t<\/div>\n\t\t<\/div>\n\t\t\t\t\t<\/div>\n\t\t<\/section>\n\t\t\t\t<section class=\"elementor-section elementor-top-section elementor-element elementor-element-0f8f975 elementor-section-boxed elementor-section-height-default elementor-section-height-default\" data-id=\"0f8f975\" data-element_type=\"section\" data-e-type=\"section\" data-settings=\"{&quot;background_background&quot;:&quot;classic&quot;,&quot;animation_mobile&quot;:&quot;fadeInUp&quot;}\">\n\t\t\t\t\t\t<div class=\"elementor-container elementor-column-gap-default\">\n\t\t\t\t\t<div class=\"elementor-column elementor-col-50 elementor-top-column elementor-element elementor-element-f63267f animated-slow elementor-invisible\" data-id=\"f63267f\" data-element_type=\"column\" data-e-type=\"column\" data-settings=\"{&quot;animation&quot;:&quot;fadeInUp&quot;,&quot;animation_mobile&quot;:&quot;none&quot;}\">\n\t\t\t<div class=\"elementor-widget-wrap elementor-element-populated\">\n\t\t\t\t\t\t<div class=\"elementor-element elementor-element-7397fd1 elementor-widget elementor-widget-text-editor\" data-id=\"7397fd1\" data-element_type=\"widget\" data-e-type=\"widget\" data-widget_type=\"text-editor.default\">\n\t\t\t\t<div class=\"elementor-widget-container\">\n\t\t\t\t\t\t\t\t\t<p>Exhibit easily, quickly<\/p>\t\t\t\t\t\t\t\t<\/div>\n\t\t\t\t<\/div>\n\t\t\t\t<div class=\"elementor-element elementor-element-49fc259 elementor-widget elementor-widget-text-editor\" data-id=\"49fc259\" data-element_type=\"widget\" data-e-type=\"widget\" data-widget_type=\"text-editor.default\">\n\t\t\t\t<div class=\"elementor-widget-container\">\n\t\t\t\t\t\t\t\t\t<p>Create beautiful exhibitions with no material constraints.<\/p>\t\t\t\t\t\t\t\t<\/div>\n\t\t\t\t<\/div>\n\t\t\t\t\t<\/div>\n\t\t<\/div>\n\t\t\t\t<div class=\"elementor-column elementor-col-50 elementor-top-column elementor-element elementor-element-ab28672 animated-slow elementor-invisible\" data-id=\"ab28672\" data-element_type=\"column\" data-e-type=\"column\" data-settings=\"{&quot;animation&quot;:&quot;fadeInRight&quot;,&quot;animation_mobile&quot;:&quot;none&quot;}\">\n\t\t\t<div class=\"elementor-widget-wrap elementor-element-populated\">\n\t\t\t\t\t\t<div class=\"elementor-element elementor-element-ae3c9e9 elementor-widget elementor-widget-image-carousel\" data-id=\"ae3c9e9\" data-element_type=\"widget\" data-e-type=\"widget\" data-settings=\"{&quot;slides_to_show&quot;:&quot;1&quot;,&quot;navigation&quot;:&quot;none&quot;,&quot;autoplay_speed&quot;:4000,&quot;effect&quot;:&quot;fade&quot;,&quot;autoplay&quot;:&quot;yes&quot;,&quot;infinite&quot;:&quot;yes&quot;,&quot;speed&quot;:500}\" data-widget_type=\"image-carousel.default\">\n\t\t\t\t<div class=\"elementor-widget-container\">\n\t\t\t\t\t\t\t<div class=\"elementor-image-carousel-wrapper swiper\" role=\"region\" aria-roledescription=\"carousel\" aria-label=\"Image Carousel\" dir=\"ltr\">\n\t\t\t<div class=\"elementor-image-carousel swiper-wrapper\" aria-live=\"off\">\n\t\t\t\t\t\t\t\t<div class=\"swiper-slide\" role=\"group\" aria-roledescription=\"slide\" aria-label=\"1 sur 3\"><figure class=\"swiper-slide-inner\"><img decoding=\"async\" class=\"swiper-slide-image\" src=\"https:\/\/artview.fr\/wp-content\/uploads\/2025\/02\/slider2.jpg\" alt=\"slider2\" \/><\/figure><\/div><div class=\"swiper-slide\" role=\"group\" aria-roledescription=\"slide\" aria-label=\"2 sur 3\"><figure class=\"swiper-slide-inner\"><img decoding=\"async\" class=\"swiper-slide-image\" src=\"https:\/\/artview.fr\/wp-content\/uploads\/2025\/02\/mockup2.jpg\" alt=\"mockup2\" \/><\/figure><\/div><div class=\"swiper-slide\" role=\"group\" aria-roledescription=\"slide\" aria-label=\"3 sur 3\"><figure class=\"swiper-slide-inner\"><img decoding=\"async\" class=\"swiper-slide-image\" src=\"https:\/\/artview.fr\/wp-content\/uploads\/2025\/02\/mockup1.jpg\" alt=\"mockup1\" \/><\/figure><\/div>\t\t\t<\/div>\n\t\t\t\t\t\t\t\n\t\t\t\t\t\t\t\t\t<\/div>\n\t\t\t\t\t\t<\/div>\n\t\t\t\t<\/div>\n\t\t\t\t\t<\/div>\n\t\t<\/div>\n\t\t\t\t\t<\/div>\n\t\t<\/section>\n\t\t\t\t<\/div>","protected":false},"excerpt":{"rendered":"<p>Viewing room Une exp\u00e9rienceimmersive Vos oeuvres mises en sc\u00e8ne. Exposez facilement, rapidement Cr\u00e9ez de belles expositions sans aucune contrainte mat\u00e9rielle.<\/p>","protected":false},"author":1,"featured_media":0,"parent":0,"menu_order":0,"comment_status":"closed","ping_status":"closed","template":"elementor_header_footer","meta":{"footnotes":""},"class_list":["post-3046","page","type-page","status-publish","hentry"],"yoast_head":"<!-- This site is optimized with the Yoast SEO plugin v24.1 - https:\/\/yoast.com\/wordpress\/plugins\/seo\/ -->\n<title>Viewing room - Artview<\/title>\n<meta name=\"robots\" content=\"index, follow, max-snippet:-1, max-image-preview:large, max-video-preview:-1\" \/>\n<link rel=\"canonical\" href=\"https:\/\/artview.fr\/en\/viewing-room\/\" \/>\n<meta property=\"og:locale\" content=\"en_US\" \/>\n<meta property=\"og:type\" content=\"article\" \/>\n<meta property=\"og:title\" content=\"Viewing room - Artview\" \/>\n<meta property=\"og:description\" content=\"Viewing room Une exp\u00e9rienceimmersive Vos oeuvres mises en sc\u00e8ne. Exposez facilement, rapidement Cr\u00e9ez de belles expositions sans aucune contrainte mat\u00e9rielle.\" \/>\n<meta property=\"og:url\" content=\"https:\/\/artview.fr\/en\/viewing-room\/\" \/>\n<meta property=\"og:site_name\" content=\"Artview\" \/>\n<meta property=\"article:modified_time\" content=\"2025-02-06T20:34:04+00:00\" \/>\n<meta property=\"og:image\" content=\"http:\/\/artview.fr\/wp-content\/uploads\/2025\/02\/mockup4b.jpg\" \/>\n<meta name=\"twitter:card\" content=\"summary_large_image\" \/>\n<meta name=\"twitter:label1\" content=\"Est. reading time\" \/>\n\t<meta name=\"twitter:data1\" content=\"2 minutes\" \/>\n<script type=\"application\/ld+json\" class=\"yoast-schema-graph\">{\"@context\":\"https:\/\/schema.org\",\"@graph\":[{\"@type\":\"WebPage\",\"@id\":\"https:\/\/artview.fr\/viewing-room\/\",\"url\":\"https:\/\/artview.fr\/viewing-room\/\",\"name\":\"Viewing room - Artview\",\"isPartOf\":{\"@id\":\"https:\/\/artview.fr\/#website\"},\"primaryImageOfPage\":{\"@id\":\"https:\/\/artview.fr\/viewing-room\/#primaryimage\"},\"image\":{\"@id\":\"https:\/\/artview.fr\/viewing-room\/#primaryimage\"},\"thumbnailUrl\":\"http:\/\/artview.fr\/wp-content\/uploads\/2025\/02\/mockup4b.jpg\",\"datePublished\":\"2025-02-06T18:39:08+00:00\",\"dateModified\":\"2025-02-06T20:34:04+00:00\",\"breadcrumb\":{\"@id\":\"https:\/\/artview.fr\/viewing-room\/#breadcrumb\"},\"inLanguage\":\"en-US\",\"potentialAction\":[{\"@type\":\"ReadAction\",\"target\":[\"https:\/\/artview.fr\/viewing-room\/\"]}]},{\"@type\":\"ImageObject\",\"inLanguage\":\"en-US\",\"@id\":\"https:\/\/artview.fr\/viewing-room\/#primaryimage\",\"url\":\"http:\/\/artview.fr\/wp-content\/uploads\/2025\/02\/mockup4b.jpg\",\"contentUrl\":\"http:\/\/artview.fr\/wp-content\/uploads\/2025\/02\/mockup4b.jpg\"},{\"@type\":\"BreadcrumbList\",\"@id\":\"https:\/\/artview.fr\/viewing-room\/#breadcrumb\",\"itemListElement\":[{\"@type\":\"ListItem\",\"position\":1,\"name\":\"Home\",\"item\":\"https:\/\/artview.fr\/\"},{\"@type\":\"ListItem\",\"position\":2,\"name\":\"Viewing room\"}]},{\"@type\":\"WebSite\",\"@id\":\"https:\/\/artview.fr\/#website\",\"url\":\"https:\/\/artview.fr\/\",\"name\":\"Artview\",\"description\":\"Experience Art like never before\",\"potentialAction\":[{\"@type\":\"SearchAction\",\"target\":{\"@type\":\"EntryPoint\",\"urlTemplate\":\"https:\/\/artview.fr\/?s={search_term_string}\"},\"query-input\":{\"@type\":\"PropertyValueSpecification\",\"valueRequired\":true,\"valueName\":\"search_term_string\"}}],\"inLanguage\":\"en-US\"}]}<\/script>\n<!-- \/ Yoast SEO plugin. -->","yoast_head_json":{"title":"Viewing room - Artview","robots":{"index":"index","follow":"follow","max-snippet":"max-snippet:-1","max-image-preview":"max-image-preview:large","max-video-preview":"max-video-preview:-1"},"canonical":"https:\/\/artview.fr\/en\/viewing-room\/","og_locale":"en_US","og_type":"article","og_title":"Viewing room - Artview","og_description":"Viewing room Une exp\u00e9rienceimmersive Vos oeuvres mises en sc\u00e8ne. Exposez facilement, rapidement Cr\u00e9ez de belles expositions sans aucune contrainte mat\u00e9rielle.","og_url":"https:\/\/artview.fr\/en\/viewing-room\/","og_site_name":"Artview","article_modified_time":"2025-02-06T20:34:04+00:00","og_image":[{"url":"http:\/\/artview.fr\/wp-content\/uploads\/2025\/02\/mockup4b.jpg","type":"","width":"","height":""}],"twitter_card":"summary_large_image","twitter_misc":{"Est. reading time":"2 minutes"},"schema":{"@context":"https:\/\/schema.org","@graph":[{"@type":"WebPage","@id":"https:\/\/artview.fr\/viewing-room\/","url":"https:\/\/artview.fr\/viewing-room\/","name":"Viewing room - Artview","isPartOf":{"@id":"https:\/\/artview.fr\/#website"},"primaryImageOfPage":{"@id":"https:\/\/artview.fr\/viewing-room\/#primaryimage"},"image":{"@id":"https:\/\/artview.fr\/viewing-room\/#primaryimage"},"thumbnailUrl":"http:\/\/artview.fr\/wp-content\/uploads\/2025\/02\/mockup4b.jpg","datePublished":"2025-02-06T18:39:08+00:00","dateModified":"2025-02-06T20:34:04+00:00","breadcrumb":{"@id":"https:\/\/artview.fr\/viewing-room\/#breadcrumb"},"inLanguage":"en-US","potentialAction":[{"@type":"ReadAction","target":["https:\/\/artview.fr\/viewing-room\/"]}]},{"@type":"ImageObject","inLanguage":"en-US","@id":"https:\/\/artview.fr\/viewing-room\/#primaryimage","url":"http:\/\/artview.fr\/wp-content\/uploads\/2025\/02\/mockup4b.jpg","contentUrl":"http:\/\/artview.fr\/wp-content\/uploads\/2025\/02\/mockup4b.jpg"},{"@type":"BreadcrumbList","@id":"https:\/\/artview.fr\/viewing-room\/#breadcrumb","itemListElement":[{"@type":"ListItem","position":1,"name":"Home","item":"https:\/\/artview.fr\/"},{"@type":"ListItem","position":2,"name":"Viewing room"}]},{"@type":"WebSite","@id":"https:\/\/artview.fr\/#website","url":"https:\/\/artview.fr\/","name":"Artview","description":"Experience Art like never before","potentialAction":[{"@type":"SearchAction","target":{"@type":"EntryPoint","urlTemplate":"https:\/\/artview.fr\/?s={search_term_string}"},"query-input":{"@type":"PropertyValueSpecification","valueRequired":true,"valueName":"search_term_string"}}],"inLanguage":"en-US"}]}},"_links":{"self":[{"href":"https:\/\/artview.fr\/en\/wp-json\/wp\/v2\/pages\/3046","targetHints":{"allow":["GET"]}}],"collection":[{"href":"https:\/\/artview.fr\/en\/wp-json\/wp\/v2\/pages"}],"about":[{"href":"https:\/\/artview.fr\/en\/wp-json\/wp\/v2\/types\/page"}],"author":[{"embeddable":true,"href":"https:\/\/artview.fr\/en\/wp-json\/wp\/v2\/users\/1"}],"replies":[{"embeddable":true,"href":"https:\/\/artview.fr\/en\/wp-json\/wp\/v2\/comments?post=3046"}],"version-history":[{"count":18,"href":"https:\/\/artview.fr\/en\/wp-json\/wp\/v2\/pages\/3046\/revisions"}],"predecessor-version":[{"id":3098,"href":"https:\/\/artview.fr\/en\/wp-json\/wp\/v2\/pages\/3046\/revisions\/3098"}],"wp:attachment":[{"href":"https:\/\/artview.fr\/en\/wp-json\/wp\/v2\/media?parent=3046"}],"curies":[{"name":"wp","href":"https:\/\/api.w.org\/{rel}","templated":true}]}}